{"id":8270,"date":"2020-05-22T15:55:56","date_gmt":"2020-05-22T15:55:56","guid":{"rendered":"http:\/\/frontlinkinc.com\/fr-home\/"},"modified":"2025-06-30T20:05:44","modified_gmt":"2025-06-30T20:05:44","slug":"fr-home-2","status":"publish","type":"page","link":"https:\/\/frontlinkinc.com\/fr\/","title":{"rendered":"Accueil"},"content":{"rendered":"\t\t<div data-elementor-type=\"wp-page\" data-elementor-id=\"8270\" class=\"elementor elementor-8270 elementor-22\" data-elementor-post-type=\"page\">\n\t\t\t\t\t\t<section class=\"elementor-section elementor-top-section elementor-element elementor-element-8296d10 elementor-section-boxed elementor-section-height-default elementor-section-height-default\" data-id=\"8296d10\" data-element_type=\"section\" data-e-type=\"section\">\n\t\t\t\t\t\t<div class=\"elementor-container elementor-column-gap-default\">\n\t\t\t\t\t<div class=\"elementor-column elementor-col-100 elementor-top-column elementor-element elementor-element-87bdcef\" data-id=\"87bdcef\" data-element_type=\"column\" data-e-type=\"column\">\n\t\t\t<div class=\"elementor-widget-wrap elementor-element-populated\">\n\t\t\t\t\t\t<div class=\"elementor-element elementor-element-2117be4 elementor-widget elementor-widget-heading\" data-id=\"2117be4\" data-element_type=\"widget\" data-e-type=\"widget\" data-widget_type=\"heading.default\">\n\t\t\t\t<div class=\"elementor-widget-container\">\n\t\t\t\t\t<h1 class=\"elementor-heading-title elementor-size-large\">D'un oc\u00e9an \u00e0 l'autre<\/h1>\t\t\t\t<\/div>\n\t\t\t\t<\/div>\n\t\t\t\t\t<\/div>\n\t\t<\/div>\n\t\t\t\t\t<\/div>\n\t\t<\/section>\n\t\t\t\t<section class=\"elementor-section elementor-top-section elementor-element elementor-element-3a2a1ff8 elementor-section-boxed elementor-section-height-default elementor-section-height-default\" data-id=\"3a2a1ff8\" data-element_type=\"section\" data-e-type=\"section\">\n\t\t\t\t\t\t<div class=\"elementor-container elementor-column-gap-default\">\n\t\t\t\t\t<div class=\"elementor-column elementor-col-100 elementor-top-column elementor-element elementor-element-31a85554\" data-id=\"31a85554\" data-element_type=\"column\" data-e-type=\"column\">\n\t\t\t<div class=\"elementor-widget-wrap elementor-element-populated\">\n\t\t\t\t\t\t<div class=\"elementor-element elementor-element-4996a5f0 elementor-widget elementor-widget-text-editor\" data-id=\"4996a5f0\" data-element_type=\"widget\" data-e-type=\"widget\" data-widget_type=\"text-editor.default\">\n\t\t\t\t<div class=\"elementor-widget-container\">\n\t\t\t\t\t\t\t\t\t<p>Frontlink Inc. est l&#8217;importateur canadien de certaines des meilleures marques agricoles europ\u00e9ennes, notamment Zuidberg et Zuidberg Tracks, Einbock Tillage Equipment et Farm Droid robotics. Zuidberg a r\u00e9volutionn\u00e9 les attelages de tracteurs frontaux, les prises de force et les poids des blocs, tandis que sa ligne de chenilles prend soin du sol avec des syst\u00e8mes de chenilles pour moissonneuses-batteuses. Einbock est sp\u00e9cialis\u00e9 dans les sarcleuses \u00e0 dents, les cultivateurs en ligne, les sarcleuses \u00e0 doigts, les semoirs \u00e0 la vol\u00e9e et le travail du sol biologique. FarmDroid construit des robots \u00e9tonnants pour l&#8217;ensemencement et le d\u00e9sherbage. Pour chacun de nos produits, nous offrons une assistance technique et une expertise de qualit\u00e9 sup\u00e9rieure, une formation au service, des installations sur site et des garanties compl\u00e8tes. Nous assurons le service apr\u00e8s-vente de ce que nous vendons. Contactez-nous d\u00e8s aujourd&#8217;hui ! #THINKAHEAD<\/p>\t\t\t\t\t\t\t\t<\/div>\n\t\t\t\t<\/div>\n\t\t\t\t\t<\/div>\n\t\t<\/div>\n\t\t\t\t\t<\/div>\n\t\t<\/section>\n\t\t\t\t<\/div>\n\t\t","protected":false},"excerpt":{"rendered":"<p>D&#8217;un oc\u00e9an \u00e0 l&#8217;autre <\/p>\n<p>Frontlink Inc. est l&#8217;importateur canadien de certaines des meilleures marques agricoles europ\u00e9ennes, notamment Zuidberg et Zuidberg Tracks, Einbock Tillage Equipment et Farm Droid robotics. Zuidberg a r\u00e9volutionn\u00e9 les attelages de tracteurs frontaux, les prises de force <a class=\"more-tag\" href=\"https:\/\/frontlinkinc.com\/fr\/\">Read on&#8230;<\/a><\/p>\n","protected":false},"author":1,"featured_media":0,"parent":0,"menu_order":0,"comment_status":"open","ping_status":"open","template":"","meta":{"_acf_changed":false,"footnotes":""},"class_list":["post-8270","page","type-page","status-publish","hentry"],"acf":[],"aioseo_notices":[],"_links":{"self":[{"href":"https:\/\/frontlinkinc.com\/fr\/wp-json\/wp\/v2\/pages\/8270","targetHints":{"allow":["GET"]}}],"collection":[{"href":"https:\/\/frontlinkinc.com\/fr\/wp-json\/wp\/v2\/pages"}],"about":[{"href":"https:\/\/frontlinkinc.com\/fr\/wp-json\/wp\/v2\/types\/page"}],"author":[{"embeddable":true,"href":"https:\/\/frontlinkinc.com\/fr\/wp-json\/wp\/v2\/users\/1"}],"replies":[{"embeddable":true,"href":"https:\/\/frontlinkinc.com\/fr\/wp-json\/wp\/v2\/comments?post=8270"}],"version-history":[{"count":27,"href":"https:\/\/frontlinkinc.com\/fr\/wp-json\/wp\/v2\/pages\/8270\/revisions"}],"predecessor-version":[{"id":16078,"href":"https:\/\/frontlinkinc.com\/fr\/wp-json\/wp\/v2\/pages\/8270\/revisions\/16078"}],"wp:attachment":[{"href":"https:\/\/frontlinkinc.com\/fr\/wp-json\/wp\/v2\/media?parent=8270"}],"curies":[{"name":"wp","href":"https:\/\/api.w.org\/{rel}","templated":true}]}}